{"id":9245,"date":"2019-07-04T19:57:18","date_gmt":"2019-07-04T17:57:18","guid":{"rendered":"http:\/\/palic.rs\/upoznajte-palic\/"},"modified":"2020-05-10T00:40:17","modified_gmt":"2020-05-09T22:40:17","slug":"ismerje-meg-palicsot","status":"publish","type":"page","link":"https:\/\/visitpalic.rs\/hu\/elje-meg-palicsot\/ismerje-meg-palicsot\/","title":{"rendered":"Ismerje Meg Palicsot"},"content":{"rendered":"\n<p>Grad Subotica se nalazi na severu Republike Srbije, du\u017e glavnih evropskih koridora i izme\u0111u dve reke: Dunava i Tise. Izvanredno kulturno nasle\u0111e, bogato ukra\u0161ene gra\u0111evine, multikulturalni duh i evropski \u0161arm su osobine koje \u010dine ovaj grad druga\u010dijim.<\/p>\n\n\n\n<p>Subotica je poznata po svojoj opu\u0161tenoj atmosferi, dobroj hrani i kvalitetnim vinima. Festivali, doga\u0111aji, koncerti, \u017eivopisan kulturni \u017eivot tokom cele godine je razlog vi\u0161e da posetite na\u0161 grad. Povrh toga, Subotica nudi puno zanimljivih mesta za odmor i razonodu, kao i za mnogobrojne aktivnosti oko jezera, na ergelama, sala\u0161ima, u \u0161umama i lovi\u0161tima.<\/p>\n\n\n\n<p>Pali\u0107, jezero i naselje sa istim imenom, nalazi se 8 kilometara isto\u010dno od Subotice. On uvek nudi ne\u0161to novo i neponovljivo, a svake sezone su sadr\u017eaji na njemu sve bogatiji. Izvanredni objekti sa po\u010detka 20. veka (Vodotoranj, Velika terasa, \u017denski \u0161trand i Muzi\u010dki paviljon), prelep Veliki park, prepoznatljivo jezero kao i mir i ti\u0161ina \u010dine Pali\u0107 idealnim prostorom za odmor i u\u017eivanje.<\/p>\n\n\n\n<p>Trenutno na Pali\u0107u mo\u017eete odsesti u hotelima visoke kategorije, renoviranim luksuznim vilama izgra\u0111enim u takozvanom &#8222;Pali\u0107kom stilu&#8221; i mnogim objektima privatnog sme\u0161taja. Odli\u010dni restorani i kafi\u0107i, sportski i rekreativni tereni, tri pla\u017ee, Zoolo\u0161ki vrt, niz raznovrsnih doga\u0111aja, dinami\u010dan kulturni \u017eivot, mogu\u0107nosti zabave i dodatni sadr\u017eaji \u010dine sveobuhvatnu ponudu turisti\u010dkog centra Pali\u0107.<\/p>\n\n\n\n<h2 class=\"wp-block-heading\">Upoznajte Suboticu<\/h2>\n\n\n\n<ul class=\"wp-block-list\"><li>Dr\u017eava: Srbija<\/li><li>Geografska lokacija: 46\u00b006\u203201\u2033N 19\u00b039\u203256\u2033E<\/li><li>Broj stanovnika (2011): 140.538\u00a0<\/li><li>Valuta: Dinar 1 RSD\u00a0<\/li><li>Pozivni broj za dr\u017eavu i grad: +381 (0) 24\u00a0<\/li><\/ul>\n\n\n\n<h3 class=\"wp-block-heading\">Istorija Subotice<\/h3>\n\n\n\n<p>Subotica se prvi put pominje u pisanim dokumentima pod imenom Zabatka 1391. godine. Od tada je promenila vi\u0161e od 200 imena od kojih su najkarakteristi\u010dnija bila: Szent-Maria, Maria Theresiopolis, Marija Theresienstadt, Szabadka i Subotica. Ona postaje zna\u010dajnije naselje tek posle tatarskih pohoda po\u010detkom 13. veka, kada se pre\u017eivelo stanovni\u0161tvo okupilo na strate\u0161ki odabranom mestu, platou izdignutom i okru\u017eenom vodom, na kojem se danas uzdi\u017ee Franjeva\u010dka crkva. To je bilo idealno mesto za ljude iz ravnice, sa kog su mogli da se brane od osvaja\u010da.<\/p>\n\n\n\n<p>Dugo vremena je Subotica bila na granici dve mo\u0107ne imperije, Ma\u0111arske i Turske. Ona je po\u010dela da se razvija tek nakon \u0161to je izgubila svoj vojni zna\u010daj. Subotica je 1779. godine dobila status slobodnog kraljevskog grada, koji joj je doneo ve\u0107u autonomiju i privilegije i tada po\u010dinje da privla\u010di preduzetnike: seljake, zanatlije i trgovce iz okru\u017eenja i srednje Evrope.<\/p>\n\n\n\n<p>U drugoj polovini 19. veka, nakon \u0161to je \u017eeleznica stigla u grad (1869. godine), trgovina poljoprivrednim i sto\u010darskim proizvodima je naglo po\u010dela da se razvija. Industrijalizacija po\u010dinje krajem 19. veka, kada Subotica postaje moderan srednjeevropski grad.<\/p>\n\n\n\n<p>Nakon Prvog svetskog rata, Vojvodina se prisajedinjuje Kraljevini Srba, Hrvata i Slovenaca (Trijanonskim sporazumom iz 1920. godine), a 1929. godine Subotica postaje deo nove dr\u017eave Kraljevine Jugoslavije. Od tada Subotica nije menjala ime, ali nazive dr\u017eave jeste \u2013 \u010dak pet puta.<\/p>\n\n\n\n<p>Tokom Drugog svetskog rata Subotica pro\u017eivljava stra\u0161ne dane, kao i ostatak Evrope. Slede rekonstrukcija zemlje i privredni rast koji je trajao sve do turbulentnih 90-tih pro\u0161log veka.<\/p>\n\n\n\n<p><\/p>\n","protected":false},"excerpt":{"rendered":"<p>Grad Subotica se nalazi na severu Republike Srbije, du\u017e glavnih evropskih koridora i izme\u0111u dve reke: Dunava i Tise. Izvanredno kulturno nasle\u0111e, bogato ukra\u0161ene gra\u0111evine, multikulturalni duh i evropski \u0161arm su osobine koje \u010dine ovaj grad druga\u010dijim. Subotica je poznata po svojoj opu\u0161tenoj atmosferi, dobroj hrani i kvalitetnim vinima. Festivali, doga\u0111aji, koncerti, \u017eivopisan kulturni \u017eivot<\/p>\n","protected":false},"author":2,"featured_media":0,"parent":9248,"menu_order":1,"comment_status":"closed","ping_status":"closed","template":"","meta":{"footnotes":""},"class_list":["post-9245","page","type-page","status-publish","hentry"],"yoast_head":"<!-- This site is optimized with the Yoast SEO plugin v27.3 - https:\/\/yoast.com\/product\/yoast-seo-wordpress\/ -->\n<title>Ismerje Meg Palicsot - Visit Pali\u0107<\/title>\n<meta name=\"robots\" content=\"index, follow, max-snippet:-1, max-image-preview:large, max-video-preview:-1\" \/>\n<link rel=\"canonical\" href=\"https:\/\/visitpalic.rs\/hu\/elje-meg-palicsot\/ismerje-meg-palicsot\/\" \/>\n<meta property=\"og:locale\" content=\"hu_HU\" \/>\n<meta property=\"og:type\" content=\"article\" \/>\n<meta property=\"og:title\" content=\"Ismerje Meg Palicsot - Visit Pali\u0107\" \/>\n<meta property=\"og:description\" content=\"Grad Subotica se nalazi na severu Republike Srbije, du\u017e glavnih evropskih koridora i izme\u0111u dve reke: Dunava i Tise. Izvanredno kulturno nasle\u0111e, bogato ukra\u0161ene gra\u0111evine, multikulturalni duh i evropski \u0161arm su osobine koje \u010dine ovaj grad druga\u010dijim. Subotica je poznata po svojoj opu\u0161tenoj atmosferi, dobroj hrani i kvalitetnim vinima. Festivali, doga\u0111aji, koncerti, \u017eivopisan kulturni \u017eivot\" \/>\n<meta property=\"og:url\" content=\"https:\/\/visitpalic.rs\/hu\/elje-meg-palicsot\/ismerje-meg-palicsot\/\" \/>\n<meta property=\"og:site_name\" content=\"Visit Pali\u0107\" \/>\n<meta property=\"article:modified_time\" content=\"2020-05-09T22:40:17+00:00\" \/>\n<meta name=\"twitter:card\" content=\"summary_large_image\" \/>\n<meta name=\"twitter:label1\" content=\"Becs\u00fclt olvas\u00e1si id\u0151\" \/>\n\t<meta name=\"twitter:data1\" content=\"3 perc\" \/>\n<script type=\"application\/ld+json\" class=\"yoast-schema-graph\">{\"@context\":\"https:\\\/\\\/schema.org\",\"@graph\":[{\"@type\":\"WebPage\",\"@id\":\"https:\\\/\\\/visitpalic.rs\\\/hu\\\/elje-meg-palicsot\\\/ismerje-meg-palicsot\\\/\",\"url\":\"https:\\\/\\\/visitpalic.rs\\\/hu\\\/elje-meg-palicsot\\\/ismerje-meg-palicsot\\\/\",\"name\":\"Ismerje Meg Palicsot - Visit Pali\u0107\",\"isPartOf\":{\"@id\":\"https:\\\/\\\/visitpalic.rs\\\/#website\"},\"datePublished\":\"2019-07-04T17:57:18+00:00\",\"dateModified\":\"2020-05-09T22:40:17+00:00\",\"breadcrumb\":{\"@id\":\"https:\\\/\\\/visitpalic.rs\\\/hu\\\/elje-meg-palicsot\\\/ismerje-meg-palicsot\\\/#breadcrumb\"},\"inLanguage\":\"hu\",\"potentialAction\":[{\"@type\":\"ReadAction\",\"target\":[\"https:\\\/\\\/visitpalic.rs\\\/hu\\\/elje-meg-palicsot\\\/ismerje-meg-palicsot\\\/\"]}]},{\"@type\":\"BreadcrumbList\",\"@id\":\"https:\\\/\\\/visitpalic.rs\\\/hu\\\/elje-meg-palicsot\\\/ismerje-meg-palicsot\\\/#breadcrumb\",\"itemListElement\":[{\"@type\":\"ListItem\",\"position\":1,\"name\":\"Home\",\"item\":\"https:\\\/\\\/visitpalic.rs\\\/hu\\\/\"},{\"@type\":\"ListItem\",\"position\":2,\"name\":\"\u00c9lje Meg Palicsot\",\"item\":\"https:\\\/\\\/visitpalic.rs\\\/hu\\\/elje-meg-palicsot\\\/\"},{\"@type\":\"ListItem\",\"position\":3,\"name\":\"Ismerje Meg Palicsot\"}]},{\"@type\":\"WebSite\",\"@id\":\"https:\\\/\\\/visitpalic.rs\\\/#website\",\"url\":\"https:\\\/\\\/visitpalic.rs\\\/\",\"name\":\"Visit Pali\u0107\",\"description\":\"Turisti\u010dka organizacija grada Subotice\",\"potentialAction\":[{\"@type\":\"SearchAction\",\"target\":{\"@type\":\"EntryPoint\",\"urlTemplate\":\"https:\\\/\\\/visitpalic.rs\\\/?s={search_term_string}\"},\"query-input\":{\"@type\":\"PropertyValueSpecification\",\"valueRequired\":true,\"valueName\":\"search_term_string\"}}],\"inLanguage\":\"hu\"}]}<\/script>\n<!-- \/ Yoast SEO plugin. -->","yoast_head_json":{"title":"Ismerje Meg Palicsot - Visit Pali\u0107","robots":{"index":"index","follow":"follow","max-snippet":"max-snippet:-1","max-image-preview":"max-image-preview:large","max-video-preview":"max-video-preview:-1"},"canonical":"https:\/\/visitpalic.rs\/hu\/elje-meg-palicsot\/ismerje-meg-palicsot\/","og_locale":"hu_HU","og_type":"article","og_title":"Ismerje Meg Palicsot - Visit Pali\u0107","og_description":"Grad Subotica se nalazi na severu Republike Srbije, du\u017e glavnih evropskih koridora i izme\u0111u dve reke: Dunava i Tise. Izvanredno kulturno nasle\u0111e, bogato ukra\u0161ene gra\u0111evine, multikulturalni duh i evropski \u0161arm su osobine koje \u010dine ovaj grad druga\u010dijim. Subotica je poznata po svojoj opu\u0161tenoj atmosferi, dobroj hrani i kvalitetnim vinima. Festivali, doga\u0111aji, koncerti, \u017eivopisan kulturni \u017eivot","og_url":"https:\/\/visitpalic.rs\/hu\/elje-meg-palicsot\/ismerje-meg-palicsot\/","og_site_name":"Visit Pali\u0107","article_modified_time":"2020-05-09T22:40:17+00:00","twitter_card":"summary_large_image","twitter_misc":{"Becs\u00fclt olvas\u00e1si id\u0151":"3 perc"},"schema":{"@context":"https:\/\/schema.org","@graph":[{"@type":"WebPage","@id":"https:\/\/visitpalic.rs\/hu\/elje-meg-palicsot\/ismerje-meg-palicsot\/","url":"https:\/\/visitpalic.rs\/hu\/elje-meg-palicsot\/ismerje-meg-palicsot\/","name":"Ismerje Meg Palicsot - Visit Pali\u0107","isPartOf":{"@id":"https:\/\/visitpalic.rs\/#website"},"datePublished":"2019-07-04T17:57:18+00:00","dateModified":"2020-05-09T22:40:17+00:00","breadcrumb":{"@id":"https:\/\/visitpalic.rs\/hu\/elje-meg-palicsot\/ismerje-meg-palicsot\/#breadcrumb"},"inLanguage":"hu","potentialAction":[{"@type":"ReadAction","target":["https:\/\/visitpalic.rs\/hu\/elje-meg-palicsot\/ismerje-meg-palicsot\/"]}]},{"@type":"BreadcrumbList","@id":"https:\/\/visitpalic.rs\/hu\/elje-meg-palicsot\/ismerje-meg-palicsot\/#breadcrumb","itemListElement":[{"@type":"ListItem","position":1,"name":"Home","item":"https:\/\/visitpalic.rs\/hu\/"},{"@type":"ListItem","position":2,"name":"\u00c9lje Meg Palicsot","item":"https:\/\/visitpalic.rs\/hu\/elje-meg-palicsot\/"},{"@type":"ListItem","position":3,"name":"Ismerje Meg Palicsot"}]},{"@type":"WebSite","@id":"https:\/\/visitpalic.rs\/#website","url":"https:\/\/visitpalic.rs\/","name":"Visit Pali\u0107","description":"Turisti\u010dka organizacija grada Subotice","potentialAction":[{"@type":"SearchAction","target":{"@type":"EntryPoint","urlTemplate":"https:\/\/visitpalic.rs\/?s={search_term_string}"},"query-input":{"@type":"PropertyValueSpecification","valueRequired":true,"valueName":"search_term_string"}}],"inLanguage":"hu"}]}},"_links":{"self":[{"href":"https:\/\/visitpalic.rs\/hu\/wp-json\/wp\/v2\/pages\/9245","targetHints":{"allow":["GET"]}}],"collection":[{"href":"https:\/\/visitpalic.rs\/hu\/wp-json\/wp\/v2\/pages"}],"about":[{"href":"https:\/\/visitpalic.rs\/hu\/wp-json\/wp\/v2\/types\/page"}],"author":[{"embeddable":true,"href":"https:\/\/visitpalic.rs\/hu\/wp-json\/wp\/v2\/users\/2"}],"replies":[{"embeddable":true,"href":"https:\/\/visitpalic.rs\/hu\/wp-json\/wp\/v2\/comments?post=9245"}],"version-history":[{"count":0,"href":"https:\/\/visitpalic.rs\/hu\/wp-json\/wp\/v2\/pages\/9245\/revisions"}],"up":[{"embeddable":true,"href":"https:\/\/visitpalic.rs\/hu\/wp-json\/wp\/v2\/pages\/9248"}],"wp:attachment":[{"href":"https:\/\/visitpalic.rs\/hu\/wp-json\/wp\/v2\/media?parent=9245"}],"curies":[{"name":"wp","href":"https:\/\/api.w.org\/{rel}","templated":true}]}}