{"id":9197,"date":"2019-10-27T22:49:36","date_gmt":"2019-10-27T21:49:36","guid":{"rendered":"http:\/\/palic.rs\/sakralni-objekti\/"},"modified":"2020-05-10T14:58:31","modified_gmt":"2020-05-10T12:58:31","slug":"szakralis-epiteszet","status":"publish","type":"page","link":"https:\/\/visitpalic.rs\/hu\/mit-latogassunk-meg\/szakralis-epiteszet\/","title":{"rendered":"Szakr\u00e1lis \u00c9p\u00edt\u00e9szet"},"content":{"rendered":"","protected":false},"excerpt":{"rendered":"","protected":false},"author":2,"featured_media":0,"parent":9265,"menu_order":0,"comment_status":"closed","ping_status":"closed","template":"","meta":{"footnotes":""},"class_list":["post-9197","page","type-page","status-publish","hentry"],"yoast_head":"<!-- This site is optimized with the Yoast SEO plugin v27.3 - https:\/\/yoast.com\/product\/yoast-seo-wordpress\/ -->\n<title>Szakr\u00e1lis \u00c9p\u00edt\u00e9szet - Visit Pali\u0107<\/title>\n<meta name=\"robots\" content=\"index, follow, max-snippet:-1, max-image-preview:large, max-video-preview:-1\" \/>\n<link rel=\"canonical\" href=\"https:\/\/visitpalic.rs\/hu\/mit-latogassunk-meg\/szakralis-epiteszet\/\" \/>\n<meta property=\"og:locale\" content=\"hu_HU\" \/>\n<meta property=\"og:type\" content=\"article\" \/>\n<meta property=\"og:title\" content=\"Szakr\u00e1lis \u00c9p\u00edt\u00e9szet - Visit Pali\u0107\" \/>\n<meta property=\"og:url\" content=\"https:\/\/visitpalic.rs\/hu\/mit-latogassunk-meg\/szakralis-epiteszet\/\" \/>\n<meta property=\"og:site_name\" content=\"Visit Pali\u0107\" \/>\n<meta property=\"article:modified_time\" content=\"2020-05-10T12:58:31+00:00\" \/>\n<meta name=\"twitter:card\" content=\"summary_large_image\" \/>\n<script type=\"application\/ld+json\" class=\"yoast-schema-graph\">{\"@context\":\"https:\\\/\\\/schema.org\",\"@graph\":[{\"@type\":\"WebPage\",\"@id\":\"https:\\\/\\\/visitpalic.rs\\\/hu\\\/mit-latogassunk-meg\\\/szakralis-epiteszet\\\/\",\"url\":\"https:\\\/\\\/visitpalic.rs\\\/hu\\\/mit-latogassunk-meg\\\/szakralis-epiteszet\\\/\",\"name\":\"Szakr\u00e1lis \u00c9p\u00edt\u00e9szet - Visit Pali\u0107\",\"isPartOf\":{\"@id\":\"https:\\\/\\\/visitpalic.rs\\\/#website\"},\"datePublished\":\"2019-10-27T21:49:36+00:00\",\"dateModified\":\"2020-05-10T12:58:31+00:00\",\"breadcrumb\":{\"@id\":\"https:\\\/\\\/visitpalic.rs\\\/hu\\\/mit-latogassunk-meg\\\/szakralis-epiteszet\\\/#breadcrumb\"},\"inLanguage\":\"hu\",\"potentialAction\":[{\"@type\":\"ReadAction\",\"target\":[\"https:\\\/\\\/visitpalic.rs\\\/hu\\\/mit-latogassunk-meg\\\/szakralis-epiteszet\\\/\"]}]},{\"@type\":\"BreadcrumbList\",\"@id\":\"https:\\\/\\\/visitpalic.rs\\\/hu\\\/mit-latogassunk-meg\\\/szakralis-epiteszet\\\/#breadcrumb\",\"itemListElement\":[{\"@type\":\"ListItem\",\"position\":1,\"name\":\"Home\",\"item\":\"https:\\\/\\\/visitpalic.rs\\\/hu\\\/\"},{\"@type\":\"ListItem\",\"position\":2,\"name\":\"L\u00e1togassunk\",\"item\":\"https:\\\/\\\/visitpalic.rs\\\/hu\\\/mit-latogassunk-meg\\\/\"},{\"@type\":\"ListItem\",\"position\":3,\"name\":\"Szakr\u00e1lis \u00c9p\u00edt\u00e9szet\"}]},{\"@type\":\"WebSite\",\"@id\":\"https:\\\/\\\/visitpalic.rs\\\/#website\",\"url\":\"https:\\\/\\\/visitpalic.rs\\\/\",\"name\":\"Visit Pali\u0107\",\"description\":\"Turisti\u010dka organizacija grada Subotice\",\"potentialAction\":[{\"@type\":\"SearchAction\",\"target\":{\"@type\":\"EntryPoint\",\"urlTemplate\":\"https:\\\/\\\/visitpalic.rs\\\/?s={search_term_string}\"},\"query-input\":{\"@type\":\"PropertyValueSpecification\",\"valueRequired\":true,\"valueName\":\"search_term_string\"}}],\"inLanguage\":\"hu\"}]}<\/script>\n<!-- \/ Yoast SEO plugin. -->","yoast_head_json":{"title":"Szakr\u00e1lis \u00c9p\u00edt\u00e9szet - Visit Pali\u0107","robots":{"index":"index","follow":"follow","max-snippet":"max-snippet:-1","max-image-preview":"max-image-preview:large","max-video-preview":"max-video-preview:-1"},"canonical":"https:\/\/visitpalic.rs\/hu\/mit-latogassunk-meg\/szakralis-epiteszet\/","og_locale":"hu_HU","og_type":"article","og_title":"Szakr\u00e1lis \u00c9p\u00edt\u00e9szet - Visit Pali\u0107","og_url":"https:\/\/visitpalic.rs\/hu\/mit-latogassunk-meg\/szakralis-epiteszet\/","og_site_name":"Visit Pali\u0107","article_modified_time":"2020-05-10T12:58:31+00:00","twitter_card":"summary_large_image","schema":{"@context":"https:\/\/schema.org","@graph":[{"@type":"WebPage","@id":"https:\/\/visitpalic.rs\/hu\/mit-latogassunk-meg\/szakralis-epiteszet\/","url":"https:\/\/visitpalic.rs\/hu\/mit-latogassunk-meg\/szakralis-epiteszet\/","name":"Szakr\u00e1lis \u00c9p\u00edt\u00e9szet - Visit Pali\u0107","isPartOf":{"@id":"https:\/\/visitpalic.rs\/#website"},"datePublished":"2019-10-27T21:49:36+00:00","dateModified":"2020-05-10T12:58:31+00:00","breadcrumb":{"@id":"https:\/\/visitpalic.rs\/hu\/mit-latogassunk-meg\/szakralis-epiteszet\/#breadcrumb"},"inLanguage":"hu","potentialAction":[{"@type":"ReadAction","target":["https:\/\/visitpalic.rs\/hu\/mit-latogassunk-meg\/szakralis-epiteszet\/"]}]},{"@type":"BreadcrumbList","@id":"https:\/\/visitpalic.rs\/hu\/mit-latogassunk-meg\/szakralis-epiteszet\/#breadcrumb","itemListElement":[{"@type":"ListItem","position":1,"name":"Home","item":"https:\/\/visitpalic.rs\/hu\/"},{"@type":"ListItem","position":2,"name":"L\u00e1togassunk","item":"https:\/\/visitpalic.rs\/hu\/mit-latogassunk-meg\/"},{"@type":"ListItem","position":3,"name":"Szakr\u00e1lis \u00c9p\u00edt\u00e9szet"}]},{"@type":"WebSite","@id":"https:\/\/visitpalic.rs\/#website","url":"https:\/\/visitpalic.rs\/","name":"Visit Pali\u0107","description":"Turisti\u010dka organizacija grada Subotice","potentialAction":[{"@type":"SearchAction","target":{"@type":"EntryPoint","urlTemplate":"https:\/\/visitpalic.rs\/?s={search_term_string}"},"query-input":{"@type":"PropertyValueSpecification","valueRequired":true,"valueName":"search_term_string"}}],"inLanguage":"hu"}]}},"_links":{"self":[{"href":"https:\/\/visitpalic.rs\/hu\/wp-json\/wp\/v2\/pages\/9197","targetHints":{"allow":["GET"]}}],"collection":[{"href":"https:\/\/visitpalic.rs\/hu\/wp-json\/wp\/v2\/pages"}],"about":[{"href":"https:\/\/visitpalic.rs\/hu\/wp-json\/wp\/v2\/types\/page"}],"author":[{"embeddable":true,"href":"https:\/\/visitpalic.rs\/hu\/wp-json\/wp\/v2\/users\/2"}],"replies":[{"embeddable":true,"href":"https:\/\/visitpalic.rs\/hu\/wp-json\/wp\/v2\/comments?post=9197"}],"version-history":[{"count":0,"href":"https:\/\/visitpalic.rs\/hu\/wp-json\/wp\/v2\/pages\/9197\/revisions"}],"up":[{"embeddable":true,"href":"https:\/\/visitpalic.rs\/hu\/wp-json\/wp\/v2\/pages\/9265"}],"wp:attachment":[{"href":"https:\/\/visitpalic.rs\/hu\/wp-json\/wp\/v2\/media?parent=9197"}],"curies":[{"name":"wp","href":"https:\/\/api.w.org\/{rel}","templated":true}]}}