{"id":9166,"date":"2019-11-20T14:50:27","date_gmt":"2019-11-20T13:50:27","guid":{"rendered":"http:\/\/palic.rs\/o-subotici\/"},"modified":"2021-02-02T10:27:14","modified_gmt":"2021-02-02T09:27:14","slug":"szabadkarol","status":"publish","type":"page","link":"https:\/\/visitpalic.rs\/hu\/elje-meg-palicsot\/szabadkarol\/","title":{"rendered":"SZABADK\u00c1R\u00d3L"},"content":{"rendered":"\n<p>Szabadka v\u00e1rosa a Szerb K\u00f6zt\u00e1rsas\u00e1g \u00e9szaki r\u00e9sz\u00e9n tal\u00e1lhat\u00f3, a f\u0151 eur\u00f3pai \u00fatvonalak ment\u00e9n \u00e9s k\u00e9t foly\u00f3 k\u00f6z\u00f6tt fekszik- a Duna \u00e9s a Tisza k\u00f6z\u00f6tt. Rendk\u00edv\u00fcli kultur\u00e1lis \u00f6r\u00f6ks\u00e9g, gazdagon d\u00edsz\u00edtett \u00e9p\u00fcletek, multikultur\u00e1lis szellem \u00e9s az eur\u00f3pai b\u00e1j, csak n\u00e9h\u00e1ny jellemz\u0151je ennek a v\u00e1rosnak, amely k\u00fcl\u00f6nlegess\u00e9 teszi azt. Szabadka ismert nyugalmat \u00e1raszt\u00f3 l\u00e9gk\u00f6r\u00e9r\u0151l, j\u00f3 \u00e9teleir\u0151l \u00e9s min\u0151s\u00e9ges borair\u00f3l. A fesztiv\u00e1lok, esem\u00e9nyek, koncertek \u00e9s az eg\u00e9sz \u00e9vben sz\u00ednes kultur\u00e1lis \u00e9let egyel t\u00f6bb okot ad \u00d6nnek arra, hogy ell\u00e1togasson v\u00e1rosunkba. Mindemellett Szabadka sz\u00e1mos \u00e9rdekes, pihen\u00e9sre \u00e9s szabadid\u0151s tev\u00e9kenys\u00e9gekre alkalmas hellyel b\u00fcszk\u00e9lkedhet, valamint sz\u00e1mos lehet\u0151s\u00e9get k\u00edn\u00e1l a t\u00f3 k\u00f6r\u00fcl, a m\u00e9neseken, tany\u00e1kon, erd\u0151kben \u00e9s vad\u00e1szter\u00fcleteken. Palics, amely a t\u00f3 \u00e9s a telep\u00fcl\u00e9s neve is egyben, 8 kilom\u00e9terre tal\u00e1lhat\u00f3 Szabadk\u00e1t\u00f3l kelet ir\u00e1ny\u00e1ban haladva. Palics mindig valami \u00fajat \u00e9s megism\u00e9telhetetlent k\u00edn\u00e1l, \u00e9s szezonr\u00f3l-szezonra egyre gazdagabb tartalmakkal rukkol el\u0151. A rendk\u00edv\u00fcli l\u00e9tes\u00edtm\u00e9nyek a 20. sz\u00e1zad elej\u00e9r\u0151l (V\u00edztorony, Nagyterasz, N\u0151i strand \u00e9s a Zenepavilon), az elb\u0171v\u00f6l\u0151 Nagy park, a k\u00fcl\u00f6nleges t\u00f3, a csend \u00e9s a nyugalom teszik Palicsot ide\u00e1lis helly\u00e9 a pihen\u00e9sre \u00e9s a kikapcsol\u00f3d\u00e1sra. Jelenleg Palicson cs\u00facskateg\u00f3ri\u00e1s hotelekben, fel\u00faj\u00edtott, amolyan \u201epalicsi st\u00edlusban\u201d \u00e9p\u00fclt luxusvill\u00e1kban, valamint sz\u00e1mos mag\u00e1nsz\u00e1ll\u00e1shelyeken tudnak megsz\u00e1llni. Kiv\u00e1l\u00f3 \u00e9ttermek \u00e9s k\u00e1v\u00e9z\u00f3k, sport- \u00e9s rekre\u00e1ci\u00f3s tev\u00e9kenys\u00e9gekre szolg\u00e1l\u00f3 p\u00e1ly\u00e1k, h\u00e1rom strand, \u00e1llatkert, sz\u00e1mos sz\u00ednes esem\u00e9ny, dinamikus kultur\u00e1lis \u00e9let, sz\u00f3rakoz\u00e1si lehet\u0151s\u00e9gek \u00e9s egy\u00e9b tartalmak \u00e9kes\u00edtik Palics Turisztikai K\u00f6zpontj\u00e1nak teljesk\u00f6r\u0171 k\u00edn\u00e1lat\u00e1t.<\/p>\n","protected":false},"excerpt":{"rendered":"<p>Szabadka v\u00e1rosa a Szerb K\u00f6zt\u00e1rsas\u00e1g \u00e9szaki r\u00e9sz\u00e9n tal\u00e1lhat\u00f3, a f\u0151 eur\u00f3pai \u00fatvonalak ment\u00e9n \u00e9s k\u00e9t foly\u00f3 k\u00f6z\u00f6tt fekszik- a Duna \u00e9s a Tisza k\u00f6z\u00f6tt. Rendk\u00edv\u00fcli kultur\u00e1lis \u00f6r\u00f6ks\u00e9g, gazdagon d\u00edsz\u00edtett \u00e9p\u00fcletek, multikultur\u00e1lis szellem \u00e9s az eur\u00f3pai b\u00e1j, csak n\u00e9h\u00e1ny jellemz\u0151je ennek a v\u00e1rosnak, amely k\u00fcl\u00f6nlegess\u00e9 teszi azt. Szabadka ismert nyugalmat \u00e1raszt\u00f3 l\u00e9gk\u00f6r\u00e9r\u0151l, j\u00f3 \u00e9teleir\u0151l \u00e9s min\u0151s\u00e9ges<\/p>\n","protected":false},"author":2,"featured_media":0,"parent":9248,"menu_order":5,"comment_status":"closed","ping_status":"closed","template":"","meta":{"footnotes":""},"class_list":["post-9166","page","type-page","status-publish","hentry"],"yoast_head":"<!-- This site is optimized with the Yoast SEO plugin v27.3 - https:\/\/yoast.com\/product\/yoast-seo-wordpress\/ -->\n<title>SZABADK\u00c1R\u00d3L - Visit Pali\u0107<\/title>\n<meta name=\"robots\" content=\"index, follow, max-snippet:-1, max-image-preview:large, max-video-preview:-1\" \/>\n<link rel=\"canonical\" href=\"https:\/\/visitpalic.rs\/hu\/elje-meg-palicsot\/szabadkarol\/\" \/>\n<meta property=\"og:locale\" content=\"hu_HU\" \/>\n<meta property=\"og:type\" content=\"article\" \/>\n<meta property=\"og:title\" content=\"SZABADK\u00c1R\u00d3L - Visit Pali\u0107\" \/>\n<meta property=\"og:description\" content=\"Szabadka v\u00e1rosa a Szerb K\u00f6zt\u00e1rsas\u00e1g \u00e9szaki r\u00e9sz\u00e9n tal\u00e1lhat\u00f3, a f\u0151 eur\u00f3pai \u00fatvonalak ment\u00e9n \u00e9s k\u00e9t foly\u00f3 k\u00f6z\u00f6tt fekszik- a Duna \u00e9s a Tisza k\u00f6z\u00f6tt. Rendk\u00edv\u00fcli kultur\u00e1lis \u00f6r\u00f6ks\u00e9g, gazdagon d\u00edsz\u00edtett \u00e9p\u00fcletek, multikultur\u00e1lis szellem \u00e9s az eur\u00f3pai b\u00e1j, csak n\u00e9h\u00e1ny jellemz\u0151je ennek a v\u00e1rosnak, amely k\u00fcl\u00f6nlegess\u00e9 teszi azt. Szabadka ismert nyugalmat \u00e1raszt\u00f3 l\u00e9gk\u00f6r\u00e9r\u0151l, j\u00f3 \u00e9teleir\u0151l \u00e9s min\u0151s\u00e9ges\" \/>\n<meta property=\"og:url\" content=\"https:\/\/visitpalic.rs\/hu\/elje-meg-palicsot\/szabadkarol\/\" \/>\n<meta property=\"og:site_name\" content=\"Visit Pali\u0107\" \/>\n<meta property=\"article:modified_time\" content=\"2021-02-02T09:27:14+00:00\" \/>\n<meta name=\"twitter:card\" content=\"summary_large_image\" \/>\n<meta name=\"twitter:label1\" content=\"Becs\u00fclt olvas\u00e1si id\u0151\" \/>\n\t<meta name=\"twitter:data1\" content=\"1 perc\" \/>\n<script type=\"application\/ld+json\" class=\"yoast-schema-graph\">{\"@context\":\"https:\\\/\\\/schema.org\",\"@graph\":[{\"@type\":\"WebPage\",\"@id\":\"https:\\\/\\\/visitpalic.rs\\\/hu\\\/elje-meg-palicsot\\\/szabadkarol\\\/\",\"url\":\"https:\\\/\\\/visitpalic.rs\\\/hu\\\/elje-meg-palicsot\\\/szabadkarol\\\/\",\"name\":\"SZABADK\u00c1R\u00d3L - Visit Pali\u0107\",\"isPartOf\":{\"@id\":\"https:\\\/\\\/visitpalic.rs\\\/#website\"},\"datePublished\":\"2019-11-20T13:50:27+00:00\",\"dateModified\":\"2021-02-02T09:27:14+00:00\",\"breadcrumb\":{\"@id\":\"https:\\\/\\\/visitpalic.rs\\\/hu\\\/elje-meg-palicsot\\\/szabadkarol\\\/#breadcrumb\"},\"inLanguage\":\"hu\",\"potentialAction\":[{\"@type\":\"ReadAction\",\"target\":[\"https:\\\/\\\/visitpalic.rs\\\/hu\\\/elje-meg-palicsot\\\/szabadkarol\\\/\"]}]},{\"@type\":\"BreadcrumbList\",\"@id\":\"https:\\\/\\\/visitpalic.rs\\\/hu\\\/elje-meg-palicsot\\\/szabadkarol\\\/#breadcrumb\",\"itemListElement\":[{\"@type\":\"ListItem\",\"position\":1,\"name\":\"Home\",\"item\":\"https:\\\/\\\/visitpalic.rs\\\/hu\\\/\"},{\"@type\":\"ListItem\",\"position\":2,\"name\":\"\u00c9lje Meg Palicsot\",\"item\":\"https:\\\/\\\/visitpalic.rs\\\/hu\\\/elje-meg-palicsot\\\/\"},{\"@type\":\"ListItem\",\"position\":3,\"name\":\"SZABADK\u00c1R\u00d3L\"}]},{\"@type\":\"WebSite\",\"@id\":\"https:\\\/\\\/visitpalic.rs\\\/#website\",\"url\":\"https:\\\/\\\/visitpalic.rs\\\/\",\"name\":\"Visit Pali\u0107\",\"description\":\"Turisti\u010dka organizacija grada Subotice\",\"potentialAction\":[{\"@type\":\"SearchAction\",\"target\":{\"@type\":\"EntryPoint\",\"urlTemplate\":\"https:\\\/\\\/visitpalic.rs\\\/?s={search_term_string}\"},\"query-input\":{\"@type\":\"PropertyValueSpecification\",\"valueRequired\":true,\"valueName\":\"search_term_string\"}}],\"inLanguage\":\"hu\"}]}<\/script>\n<!-- \/ Yoast SEO plugin. -->","yoast_head_json":{"title":"SZABADK\u00c1R\u00d3L - Visit Pali\u0107","robots":{"index":"index","follow":"follow","max-snippet":"max-snippet:-1","max-image-preview":"max-image-preview:large","max-video-preview":"max-video-preview:-1"},"canonical":"https:\/\/visitpalic.rs\/hu\/elje-meg-palicsot\/szabadkarol\/","og_locale":"hu_HU","og_type":"article","og_title":"SZABADK\u00c1R\u00d3L - Visit Pali\u0107","og_description":"Szabadka v\u00e1rosa a Szerb K\u00f6zt\u00e1rsas\u00e1g \u00e9szaki r\u00e9sz\u00e9n tal\u00e1lhat\u00f3, a f\u0151 eur\u00f3pai \u00fatvonalak ment\u00e9n \u00e9s k\u00e9t foly\u00f3 k\u00f6z\u00f6tt fekszik- a Duna \u00e9s a Tisza k\u00f6z\u00f6tt. Rendk\u00edv\u00fcli kultur\u00e1lis \u00f6r\u00f6ks\u00e9g, gazdagon d\u00edsz\u00edtett \u00e9p\u00fcletek, multikultur\u00e1lis szellem \u00e9s az eur\u00f3pai b\u00e1j, csak n\u00e9h\u00e1ny jellemz\u0151je ennek a v\u00e1rosnak, amely k\u00fcl\u00f6nlegess\u00e9 teszi azt. Szabadka ismert nyugalmat \u00e1raszt\u00f3 l\u00e9gk\u00f6r\u00e9r\u0151l, j\u00f3 \u00e9teleir\u0151l \u00e9s min\u0151s\u00e9ges","og_url":"https:\/\/visitpalic.rs\/hu\/elje-meg-palicsot\/szabadkarol\/","og_site_name":"Visit Pali\u0107","article_modified_time":"2021-02-02T09:27:14+00:00","twitter_card":"summary_large_image","twitter_misc":{"Becs\u00fclt olvas\u00e1si id\u0151":"1 perc"},"schema":{"@context":"https:\/\/schema.org","@graph":[{"@type":"WebPage","@id":"https:\/\/visitpalic.rs\/hu\/elje-meg-palicsot\/szabadkarol\/","url":"https:\/\/visitpalic.rs\/hu\/elje-meg-palicsot\/szabadkarol\/","name":"SZABADK\u00c1R\u00d3L - Visit Pali\u0107","isPartOf":{"@id":"https:\/\/visitpalic.rs\/#website"},"datePublished":"2019-11-20T13:50:27+00:00","dateModified":"2021-02-02T09:27:14+00:00","breadcrumb":{"@id":"https:\/\/visitpalic.rs\/hu\/elje-meg-palicsot\/szabadkarol\/#breadcrumb"},"inLanguage":"hu","potentialAction":[{"@type":"ReadAction","target":["https:\/\/visitpalic.rs\/hu\/elje-meg-palicsot\/szabadkarol\/"]}]},{"@type":"BreadcrumbList","@id":"https:\/\/visitpalic.rs\/hu\/elje-meg-palicsot\/szabadkarol\/#breadcrumb","itemListElement":[{"@type":"ListItem","position":1,"name":"Home","item":"https:\/\/visitpalic.rs\/hu\/"},{"@type":"ListItem","position":2,"name":"\u00c9lje Meg Palicsot","item":"https:\/\/visitpalic.rs\/hu\/elje-meg-palicsot\/"},{"@type":"ListItem","position":3,"name":"SZABADK\u00c1R\u00d3L"}]},{"@type":"WebSite","@id":"https:\/\/visitpalic.rs\/#website","url":"https:\/\/visitpalic.rs\/","name":"Visit Pali\u0107","description":"Turisti\u010dka organizacija grada Subotice","potentialAction":[{"@type":"SearchAction","target":{"@type":"EntryPoint","urlTemplate":"https:\/\/visitpalic.rs\/?s={search_term_string}"},"query-input":{"@type":"PropertyValueSpecification","valueRequired":true,"valueName":"search_term_string"}}],"inLanguage":"hu"}]}},"_links":{"self":[{"href":"https:\/\/visitpalic.rs\/hu\/wp-json\/wp\/v2\/pages\/9166","targetHints":{"allow":["GET"]}}],"collection":[{"href":"https:\/\/visitpalic.rs\/hu\/wp-json\/wp\/v2\/pages"}],"about":[{"href":"https:\/\/visitpalic.rs\/hu\/wp-json\/wp\/v2\/types\/page"}],"author":[{"embeddable":true,"href":"https:\/\/visitpalic.rs\/hu\/wp-json\/wp\/v2\/users\/2"}],"replies":[{"embeddable":true,"href":"https:\/\/visitpalic.rs\/hu\/wp-json\/wp\/v2\/comments?post=9166"}],"version-history":[{"count":0,"href":"https:\/\/visitpalic.rs\/hu\/wp-json\/wp\/v2\/pages\/9166\/revisions"}],"up":[{"embeddable":true,"href":"https:\/\/visitpalic.rs\/hu\/wp-json\/wp\/v2\/pages\/9248"}],"wp:attachment":[{"href":"https:\/\/visitpalic.rs\/hu\/wp-json\/wp\/v2\/media?parent=9166"}],"curies":[{"name":"wp","href":"https:\/\/api.w.org\/{rel}","templated":true}]}}